{"id":128,"date":"2022-06-30T10:53:20","date_gmt":"2022-06-30T10:53:20","guid":{"rendered":"http:\/\/buntesally.de\/?page_id=128"},"modified":"2025-07-23T13:06:14","modified_gmt":"2025-07-23T13:06:14","slug":"kinderschminken","status":"publish","type":"page","link":"https:\/\/buntesally.de\/?page_id=128","title":{"rendered":"Kinderschminken &#038; mehr"},"content":{"rendered":"\n<p><strong>Neu ab Sommer 2022<\/strong><\/p>\n\n\n\n<p>Was gibt es sch\u00f6neres, als Kinderaugen zum leuchten bringen? <br>Und manchmal braucht man nicht viel dazu. <\/p>\n\n\n\n<p>Zum Kinderschminken bin ich vor etwa 20 Jahren gekommen, ein bisschen wurde mir immer wieder gezeigt und ansonsten hie\u00df es &#8222;Learning by doing&#8220;. Mit der Zeit habe ich mir dann noch das &#8222;Ballon knoten&#8220; angeeignet.<br> <br>Gerne Buchungsanfragen \u00fcber das Kontaktformular und bitte immer mit folgenden Angaben:<br>&#8211; Datum, Uhrzeit &amp; gew\u00fcnschte Dauer<br>&#8211; Ort<br>&#8211; Anzahl der Kinder &amp; Alter<br>&#8211; gew\u00fcnschte Aktion<br><br>Alle Angebote sind miteinander kombinierbar.<br>Einsatzort in der Region Hannover.<\/p>\n\n\n\n<h2 class=\"wp-block-heading\">Kinderschminken <br><\/h2>\n\n\n\n<p>Die Schminke, die ich verwende, ist Profischminke der Firma Eulenspiegel. Sie ist wasserl\u00f6slich und auch bei sehr empfindlicher Haut vertr\u00e4glich. Sie l\u00e4\u00dft sich leicht mit Wasser und Seife entfernen.<br><br>Einzel buchbar oder mit einem anderen Angebot im Paket. <br>ab 50,00 \u20ac pro Stunde<\/p>\n\n\n\n<h2 class=\"wp-block-heading\">Glitzertattoos<\/h2>\n\n\n\n<p>Glitzertattoos sind wasserfest und halten 3-10 Tage. Die Tattoos sind hautfreundlich und somit auch f\u00fcr empfindliche Haut geeignet.<br><\/p>\n\n\n\n<p>Einzel buchbar oder mit einem anderen Angebot im Paket. <br>ab 50,00 \u20ac pro Stunde<\/p>\n\n\n\n<h2 class=\"wp-block-heading\">Ballonmodellage<\/h2>\n\n\n\n<p>Auf Wunsch entstehen aus den langen Modellierballons M\u00e4use, Giraffen, Hunde, Schmetterlinge, Schwerter und Armb\u00e4nder.<br><\/p>\n\n\n\n<p>Einzel buchbar oder mit einem anderen Angebot im Paket. <br>ab 50,00 \u20ac pro Stunde<\/p>\n","protected":false},"excerpt":{"rendered":"<p>Neu ab Sommer 2022 Was gibt es sch\u00f6neres, als Kinderaugen zum leuchten bringen? Und manchmal braucht man nicht viel dazu. Zum Kinderschminken bin ich vor etwa 20 Jahren gekommen, ein bisschen wurde mir immer wieder gezeigt und ansonsten hie\u00df es &#8222;Learning by doing&#8220;. Mit der Zeit habe ich mir dann noch das &#8222;Ballon knoten&#8220; angeeignet. [&hellip;]<\/p>\n","protected":false},"author":1,"featured_media":0,"parent":0,"menu_order":0,"comment_status":"closed","ping_status":"closed","template":"","meta":{"footnotes":""},"class_list":["post-128","page","type-page","status-publish","hentry"],"_links":{"self":[{"href":"https:\/\/buntesally.de\/index.php?rest_route=\/wp\/v2\/pages\/128","targetHints":{"allow":["GET"]}}],"collection":[{"href":"https:\/\/buntesally.de\/index.php?rest_route=\/wp\/v2\/pages"}],"about":[{"href":"https:\/\/buntesally.de\/index.php?rest_route=\/wp\/v2\/types\/page"}],"author":[{"embeddable":true,"href":"https:\/\/buntesally.de\/index.php?rest_route=\/wp\/v2\/users\/1"}],"replies":[{"embeddable":true,"href":"https:\/\/buntesally.de\/index.php?rest_route=%2Fwp%2Fv2%2Fcomments&post=128"}],"version-history":[{"count":6,"href":"https:\/\/buntesally.de\/index.php?rest_route=\/wp\/v2\/pages\/128\/revisions"}],"predecessor-version":[{"id":151,"href":"https:\/\/buntesally.de\/index.php?rest_route=\/wp\/v2\/pages\/128\/revisions\/151"}],"wp:attachment":[{"href":"https:\/\/buntesally.de\/index.php?rest_route=%2Fwp%2Fv2%2Fmedia&parent=128"}],"curies":[{"name":"wp","href":"https:\/\/api.w.org\/{rel}","templated":true}]}}