{"id":2,"date":"2016-05-10T03:48:21","date_gmt":"2016-05-10T03:48:21","guid":{"rendered":"http:\/\/buntesally.de\/?page_id=2"},"modified":"2025-07-23T13:12:08","modified_gmt":"2025-07-23T13:12:08","slug":"sample-page","status":"publish","type":"page","link":"https:\/\/buntesally.de\/?page_id=2","title":{"rendered":"\u00dcber&#8230;"},"content":{"rendered":"<p>Wer wir sind!<\/p>\n\n\n<p>Herzlich Willkommen bei der bunten Sally!<\/p>\n\n\n\n<p>So bunt ist die Namensgeberin aber gar nicht, siehe Foto, aber bunt sind die Ideen und die Dinge, die hier entstehen.<\/p>\n\n\n<div class=\"wp-block-image\">\n<figure class=\"aligncenter size-large is-resized\"><img loading=\"lazy\" decoding=\"async\" width=\"600\" height=\"600\" src=\"http:\/\/buntesally.de\/wp-content\/uploads\/2020\/08\/Sally.jpg\" alt=\"https:\/\/scontent.fdtm2-1.fna.fbcdn.net\/v\/t1.0-9\/s960x960\/57297770_2661527650588504_7828782751250644992_o.jpg?_nc_cat=108&amp;_nc_sid=110474&amp;_nc_ohc=bkYXJO4TGHwAX9GFRgC&amp;_nc_ht=scontent.fdtm2-1.fna&amp;_nc_tp=7&amp;oh=c0a4ac8c781642ad68c088d068faf76e&amp;oe=5EDA9E25\" class=\"wp-image-24\" style=\"width:300px;height:300px\" srcset=\"https:\/\/buntesally.de\/wp-content\/uploads\/2020\/08\/Sally.jpg 600w, https:\/\/buntesally.de\/wp-content\/uploads\/2020\/08\/Sally-300x300.jpg 300w, https:\/\/buntesally.de\/wp-content\/uploads\/2020\/08\/Sally-150x150.jpg 150w, https:\/\/buntesally.de\/wp-content\/uploads\/2020\/08\/Sally-324x324.jpg 324w, https:\/\/buntesally.de\/wp-content\/uploads\/2020\/08\/Sally-416x416.jpg 416w, https:\/\/buntesally.de\/wp-content\/uploads\/2020\/08\/Sally-100x100.jpg 100w\" sizes=\"auto, (max-width: 600px) 100vw, 600px\" \/><figcaption class=\"wp-element-caption\">Sally<\/figcaption><\/figure><\/div>\n\n\n<p>Mein Name ist Bianca Hoheisel, irgendwas Anfang 40 und lebe in Garbsen, in der Region Hannover. Zu mir geh\u00f6ren die Familenhunde Hetty &amp; Bruno. Diese sind meine \u201eIdeen-Geber\u201c und das beste \u201eTest- und Entwicklungsteam\u201c, was man sich nur vorstellen kann. Die Namesgeberin meines kleinen Unternehmens ist leider 2023 \u00fcber die Regenbogenbr\u00fccke gegangen.<\/p>\n\n\n<div class=\"wp-block-image\">\n<figure class=\"aligncenter size-large is-resized\"><img loading=\"lazy\" decoding=\"async\" width=\"1024\" height=\"546\" src=\"http:\/\/buntesally.de\/wp-content\/uploads\/2022\/06\/20211126_223127-1024x546.jpg\" alt=\"Hetty &amp; Bruno\" class=\"wp-image-141\" style=\"width:512px;height:273px\" title=\"Hetty &amp; Bruno\" srcset=\"https:\/\/buntesally.de\/wp-content\/uploads\/2022\/06\/20211126_223127-1024x546.jpg 1024w, https:\/\/buntesally.de\/wp-content\/uploads\/2022\/06\/20211126_223127-300x160.jpg 300w, https:\/\/buntesally.de\/wp-content\/uploads\/2022\/06\/20211126_223127-768x410.jpg 768w, https:\/\/buntesally.de\/wp-content\/uploads\/2022\/06\/20211126_223127-1536x819.jpg 1536w, https:\/\/buntesally.de\/wp-content\/uploads\/2022\/06\/20211126_223127-2048x1092.jpg 2048w, https:\/\/buntesally.de\/wp-content\/uploads\/2022\/06\/20211126_223127-416x222.jpg 416w\" sizes=\"auto, (max-width: 1024px) 100vw, 1024px\" \/><\/figure><\/div>\n\n\n<p>Haupts\u00e4chlich fertige ich Schn\u00fcffelteppiche und Knotenkissen an, aber ich strotze manchmal nur so vor Ideen bzw. habe etwas gesehen, was ich ausprobieren m\u00f6chte. Daher wird das Sortiment immer mal wieder erweitert.<\/p>\n\n\n\n<p>Aber ich bin nie alleine unterwegs, zur Bunten Sally geh\u00f6rt auch noch meine Mutter Karen. So lange ich denken kann, habe ich immer das Klackern ihrer Stricknadeln im Ohr. Irgendwann waren die famili\u00e4ren F\u00fcsse ausreichend mit warmen Wollsocken versorgt, aber es wurde immer weiter gestrickt.<\/p>\n\n\n\n<p>Und so sind wir das Jahr \u00fcber auf einer \u00fcberschaubaren Anzahl an Handwerkerm\u00e4rkten unterwegs, da wir beide \u201eim normalen Leben\u201c vollzeit berufst\u00e4tig sind. Aber die Marktatmosph\u00e4re, die Gespr\u00e4che am Stand mit Kunden oder den Standnachbarn m\u00f6chten wir nicht mehr missen.<\/p>\n","protected":false},"excerpt":{"rendered":"<p>Wer wir sind! Herzlich Willkommen bei der bunten Sally! So bunt ist die Namensgeberin aber gar nicht, siehe Foto, aber bunt sind die Ideen und die Dinge, die hier entstehen. Mein Name ist Bianca Hoheisel, irgendwas Anfang 40 und lebe in Garbsen, in der Region Hannover. Zu mir geh\u00f6ren die Familenhunde Hetty &amp; Bruno. Diese [&hellip;]<\/p>\n","protected":false},"author":1,"featured_media":0,"parent":0,"menu_order":1,"comment_status":"closed","ping_status":"closed","template":"","meta":{"footnotes":""},"class_list":["post-2","page","type-page","status-publish","hentry"],"_links":{"self":[{"href":"https:\/\/buntesally.de\/index.php?rest_route=\/wp\/v2\/pages\/2","targetHints":{"allow":["GET"]}}],"collection":[{"href":"https:\/\/buntesally.de\/index.php?rest_route=\/wp\/v2\/pages"}],"about":[{"href":"https:\/\/buntesally.de\/index.php?rest_route=\/wp\/v2\/types\/page"}],"author":[{"embeddable":true,"href":"https:\/\/buntesally.de\/index.php?rest_route=\/wp\/v2\/users\/1"}],"replies":[{"embeddable":true,"href":"https:\/\/buntesally.de\/index.php?rest_route=%2Fwp%2Fv2%2Fcomments&post=2"}],"version-history":[{"count":7,"href":"https:\/\/buntesally.de\/index.php?rest_route=\/wp\/v2\/pages\/2\/revisions"}],"predecessor-version":[{"id":154,"href":"https:\/\/buntesally.de\/index.php?rest_route=\/wp\/v2\/pages\/2\/revisions\/154"}],"wp:attachment":[{"href":"https:\/\/buntesally.de\/index.php?rest_route=%2Fwp%2Fv2%2Fmedia&parent=2"}],"curies":[{"name":"wp","href":"https:\/\/api.w.org\/{rel}","templated":true}]}}